{"id":473,"date":"2025-09-04T12:37:47","date_gmt":"2025-09-04T10:37:47","guid":{"rendered":"https:\/\/hortec.org\/blog\/"},"modified":"2025-09-05T10:55:06","modified_gmt":"2025-09-05T08:55:06","slug":"blog","status":"publish","type":"page","link":"https:\/\/hortec.org\/es\/blog\/","title":{"rendered":"Blog"},"content":{"rendered":"<section class=\"l-section wpb_row us_custom_1f5f827b height_medium\"><div class=\"l-section-h i-cf\"><div class=\"g-cols vc_row via_grid cols_1 laptops-cols_inherit tablets-cols_inherit mobiles-cols_1 valign_top type_default stacking_default\"><div class=\"wpb_column vc_column_container\"><div class=\"vc_column-inner\"><h2 class=\"w-text us_custom_af9160e0 has_text_color\"><span class=\"w-text-h\"><span class=\"w-text-value\">La actualidad ecol\u00f3gica de HORTEC<\/span><\/span><\/h2><\/div><\/div><\/div><\/div><\/section><section class=\"l-section wpb_row height_medium\"><div class=\"l-section-h i-cf\"><div class=\"g-cols vc_row via_grid cols_1 laptops-cols_inherit tablets-cols_inherit mobiles-cols_1 valign_top type_default stacking_default\"><div class=\"wpb_column vc_column_container\"><div class=\"vc_column-inner\"><div class=\"w-grid us_grid type_grid layout_446 cols_3 preload_style_spinner\" id=\"us_grid_1\" style=\"--columns:3;--gap:1.5rem;\" data-filterable=\"true\"><style>@media (max-width:1024px){#us_grid_1{--columns:2!important}}@media (max-width:600px){#us_grid_1{--columns:1!important}}.layout_446 .w-grid-item-h{border-radius:0rem}.layout_446 .usg_image_1{transition-duration:0.3s;transform-origin:15% 15%;transform:scale(1) translate(0%,0%)}.layout_446 .w-grid-item-h:focus-within .usg_image_1,.layout_446 .w-grid-item-h:hover .usg_image_1{transform:scale(1.02) translate(0%,0%);opacity:1;background:rgba(230,227,230,0.69)!important;border-color:var(--color-header-middle-text-hover)!important}.layout_446 .usg_vwrapper_1{transition-duration:0.3s;transform-origin:10% 10%;transform:scale(1) translate(0%,0%)}.layout_446 .w-grid-item-h:focus-within .usg_vwrapper_1,.layout_446 .w-grid-item-h:hover .usg_vwrapper_1{transform:scale(1) translate(0%,0%);opacity:1;border-color:var(--color-header-middle-text-hover)!important}.layout_446 .usg_text_1{text-align:left!important;padding-top:10px!important;padding-bottom:10px!important;padding-right:20px!important}.layout_446 .usg_text_2{text-align:left!important;margin-top:-10px!important;padding-bottom:10px!important;padding-right:20px!important}.layout_446 .usg_text_3{text-align:left!important;padding-bottom:10px!important;padding-right:20px!important}<\/style><div class=\"w-grid-list\">\t<article class=\"w-grid-item size_1x1 post-499 post type-post status-publish format-standard has-post-thumbnail hentry category-hortec-es\" data-id=\"499\">\r\n\t\t<div class=\"w-grid-item-h\">\r\n\t\t\t\t\t\t<div class=\"w-vwrapper usg_vwrapper_1 align_none valign_top\"><div class=\"w-image usg_image_1 has_ratio\"><a href=\"https:\/\/hortec.org\/es\/el-higo-fruto-de-paciencia-y-raices-profundas\/\" aria-label=\"FIGA DAMA_web-hortec - copia\" class=\"w-image-h\"><div style=\"padding-bottom:75%\"><\/div><img decoding=\"async\" width=\"800\" height=\"800\" src=\"https:\/\/hortec.org\/wp-content\/uploads\/2025\/09\/FIGA-DAMA_web-hortec-copia-e1756990984754.webp\" class=\"attachment-full size-full\" alt=\"\" loading=\"lazy\" \/><\/a><\/div><h2 class=\"w-text usg_text_1 titol-amb-linia\"><span class=\"w-text-h\"><span class=\"w-text-value\">El higo, fruto de paciencia y ra\u00edces profundas<\/span><\/span><\/h2><div class=\"w-hwrapper usg_hwrapper_1 align_left valign_baseline\" style=\"--hwrapper-gap:0.5rem\"><div class=\"w-text usg_text_4\"><span class=\"w-text-h\"><span class=\"w-text-value\">Per:<\/span><\/span><\/div><h5 class=\"w-text usg_text_3\"><span class=\"w-text-h\"><span class=\"w-text-value\">Llu\u00eds Cam\u00ed<\/span><\/span><\/h5><\/div><div class=\"w-text usg_text_2\"><span class=\"w-text-h\"><span class=\"w-text-value\">Los higos son mucho m\u00e1s que una cosecha: son un s\u00edmbolo de permanencia, de cuidado por la tierra y de compromiso con un modelo agr\u00edcola que quiere mirar hacia el futuro sin perder las ra\u00edces.<\/span><\/span><\/div><\/div>\t\t<\/div>\r\n\t\t\t<\/article>\r\n\t<article class=\"w-grid-item size_1x1 post-487 post type-post status-publish format-standard has-post-thumbnail hentry category-hortec-es\" data-id=\"487\">\r\n\t\t<div class=\"w-grid-item-h\">\r\n\t\t\t\t\t\t<div class=\"w-vwrapper usg_vwrapper_1 align_none valign_top\"><div class=\"w-image usg_image_1 has_ratio\"><a href=\"https:\/\/hortec.org\/es\/la-judia-perona-un-tesoro-verde-de-temporada\/\" aria-label=\"mongeta-gran\" class=\"w-image-h\"><div style=\"padding-bottom:75%\"><\/div><img decoding=\"async\" width=\"800\" height=\"800\" src=\"https:\/\/hortec.org\/wp-content\/uploads\/2025\/09\/mongeta-gran.webp\" class=\"attachment-full size-full\" alt=\"\" loading=\"lazy\" \/><\/a><\/div><h2 class=\"w-text usg_text_1 titol-amb-linia\"><span class=\"w-text-h\"><span class=\"w-text-value\">La jud\u00eda perona: un tesoro verde de temporada<\/span><\/span><\/h2><div class=\"w-hwrapper usg_hwrapper_1 align_left valign_baseline\" style=\"--hwrapper-gap:0.5rem\"><div class=\"w-text usg_text_4\"><span class=\"w-text-h\"><span class=\"w-text-value\">Per:<\/span><\/span><\/div><h5 class=\"w-text usg_text_3\"><span class=\"w-text-h\"><span class=\"w-text-value\">\u00c0lex Herv\u00e1s<\/span><\/span><\/h5><\/div><div class=\"w-text usg_text_2\"><span class=\"w-text-h\"><span class=\"w-text-value\">La jud\u00eda perona conecta con la memoria gustativa de muchos hogares catalanes.<\/span><\/span><\/div><\/div>\t\t<\/div>\r\n\t\t\t<\/article>\r\n\t<article class=\"w-grid-item size_1x1 post-464 post type-post status-publish format-standard has-post-thumbnail hentry category-hortec-es\" data-id=\"464\">\r\n\t\t<div class=\"w-grid-item-h\">\r\n\t\t\t\t\t\t<div class=\"w-vwrapper usg_vwrapper_1 align_none valign_top\"><div class=\"w-image usg_image_1 has_ratio\"><a href=\"https:\/\/hortec.org\/es\/cerezo-fruta-paciencia-y-territorio\/\" aria-label=\"montmany 2-hortec\" class=\"w-image-h\"><div style=\"padding-bottom:75%\"><\/div><img decoding=\"async\" width=\"1600\" height=\"1200\" src=\"https:\/\/hortec.org\/wp-content\/uploads\/2025\/06\/montmany-2-hortec.webp\" class=\"attachment-full size-full\" alt=\"\" loading=\"lazy\" \/><\/a><\/div><h2 class=\"w-text usg_text_1 titol-amb-linia\"><span class=\"w-text-h\"><span class=\"w-text-value\">El cerezo: fruta, paciencia y territorio<\/span><\/span><\/h2><div class=\"w-hwrapper usg_hwrapper_1 align_left valign_baseline\" style=\"--hwrapper-gap:0.5rem\"><div class=\"w-text usg_text_4\"><span class=\"w-text-h\"><span class=\"w-text-value\">Per:<\/span><\/span><\/div><h5 class=\"w-text usg_text_3\"><span class=\"w-text-h\"><span class=\"w-text-value\">Josep Montmany<\/span><\/span><\/h5><\/div><div class=\"w-text usg_text_2\"><span class=\"w-text-h\"><span class=\"w-text-value\">El cerezo es un \u00e1rbol noble. Necesita inviernos fr\u00edos para descansar y una primavera suave para florecer y fructificar.<\/span><\/span><\/div><\/div>\t\t<\/div>\r\n\t\t\t<\/article>\r\n<\/div>\t<div class=\"w-grid-preloader\">\r\n\t\t<div class=\"g-preloader type_1\">\r\n\t\t\t<div><\/div>\r\n\t\t<\/div>\r\n\t<\/div>\r\n\t\t<div class=\"w-grid-json hidden\" onclick='return {&quot;action&quot;:&quot;us_ajax_grid&quot;,&quot;infinite_scroll&quot;:0,&quot;max_num_pages&quot;:1,&quot;pagination&quot;:&quot;none&quot;,&quot;template_vars&quot;:{&quot;columns&quot;:&quot;3&quot;,&quot;exclude_items&quot;:&quot;none&quot;,&quot;img_size&quot;:&quot;default&quot;,&quot;ignore_items_size&quot;:0,&quot;items_layout&quot;:&quot;446&quot;,&quot;items_offset&quot;:&quot;1&quot;,&quot;load_animation&quot;:&quot;none&quot;,&quot;overriding_link&quot;:&quot;%7B%22url%22%3A%22%22%7D&quot;,&quot;post_id&quot;:0,&quot;query_args&quot;:{&quot;post_type&quot;:[&quot;post&quot;],&quot;post_status&quot;:[&quot;publish&quot;,&quot;acf-disabled&quot;],&quot;posts_per_page&quot;:&quot;50&quot;},&quot;orderby_query_args&quot;:{&quot;orderby&quot;:{&quot;date&quot;:&quot;DESC&quot;}},&quot;type&quot;:&quot;grid&quot;,&quot;us_grid_post_type&quot;:&quot;post&quot;,&quot;us_grid_ajax_index&quot;:1,&quot;us_grid_filter_query_string&quot;:null,&quot;us_grid_index&quot;:1,&quot;page_args&quot;:[],&quot;lang&quot;:&quot;es&quot;}}'><\/div>\r\n\t<\/div><\/div><\/div><\/div><\/div><\/section>\n","protected":false},"excerpt":{"rendered":"El cerezo: fruta, paciencia y territorioEl cerezo es un \u00e1rbol noble. Necesita inviernos fr\u00edos para descansar y una primavera suave para florecer y fructificar.La floraci\u00f3n del cerezo es uno de los espect\u00e1culos m\u00e1s bonitos de la primavera. En casa, en Torrelles de Llobregat, es la se\u00f1al de que todo se pone en marcha. Ver los...","protected":false},"author":1,"featured_media":0,"parent":0,"menu_order":0,"comment_status":"closed","ping_status":"closed","template":"","meta":{"_acf_changed":false,"footnotes":""},"class_list":["post-473","page","type-page","status-publish","hentry"],"acf":[],"yoast_head":"<!-- This site is optimized with the Yoast SEO plugin v27.4 - https:\/\/yoast.com\/product\/yoast-seo-wordpress\/ -->\n<title>Actualidad | Hortec, cooperativa de agricultura ecol\u00f3gica<\/title>\n<meta name=\"description\" content=\"Actualidad sobre productos ecol\u00f3gicos de Hortec: art\u00edculos escritos por responsables y socios de la cooperativa con experiencia en agricultura sostenible y de proximidad.\" \/>\n<meta name=\"robots\" content=\"index, follow, max-snippet:-1, max-image-preview:large, max-video-preview:-1\" \/>\n<link rel=\"canonical\" href=\"https:\/\/hortec.org\/es\/blog\/\" \/>\n<meta property=\"og:locale\" content=\"es_ES\" \/>\n<meta property=\"og:type\" content=\"article\" \/>\n<meta property=\"og:title\" content=\"Actualidad | Hortec, cooperativa de agricultura ecol\u00f3gica\" \/>\n<meta property=\"og:description\" content=\"Actualidad sobre productos ecol\u00f3gicos de Hortec: art\u00edculos escritos por responsables y socios de la cooperativa con experiencia en agricultura sostenible y de proximidad.\" \/>\n<meta property=\"og:url\" content=\"https:\/\/hortec.org\/es\/blog\/\" \/>\n<meta property=\"og:site_name\" content=\"Hortec | Agricultura ecol\u00f2gica\" \/>\n<meta property=\"article:modified_time\" content=\"2025-09-05T08:55:06+00:00\" \/>\n<meta name=\"twitter:card\" content=\"summary_large_image\" \/>\n<script type=\"application\/ld+json\" class=\"yoast-schema-graph\">{\"@context\":\"https:\\\/\\\/schema.org\",\"@graph\":[{\"@type\":\"WebPage\",\"@id\":\"https:\\\/\\\/hortec.org\\\/es\\\/blog\\\/\",\"url\":\"https:\\\/\\\/hortec.org\\\/es\\\/blog\\\/\",\"name\":\"Actualidad | Hortec, cooperativa de agricultura ecol\u00f3gica\",\"isPartOf\":{\"@id\":\"https:\\\/\\\/hortec.org\\\/es\\\/#website\"},\"datePublished\":\"2025-09-04T10:37:47+00:00\",\"dateModified\":\"2025-09-05T08:55:06+00:00\",\"description\":\"Actualidad sobre productos ecol\u00f3gicos de Hortec: art\u00edculos escritos por responsables y socios de la cooperativa con experiencia en agricultura sostenible y de proximidad.\",\"breadcrumb\":{\"@id\":\"https:\\\/\\\/hortec.org\\\/es\\\/blog\\\/#breadcrumb\"},\"inLanguage\":\"es\",\"potentialAction\":[{\"@type\":\"ReadAction\",\"target\":[\"https:\\\/\\\/hortec.org\\\/es\\\/blog\\\/\"]}]},{\"@type\":\"BreadcrumbList\",\"@id\":\"https:\\\/\\\/hortec.org\\\/es\\\/blog\\\/#breadcrumb\",\"itemListElement\":[{\"@type\":\"ListItem\",\"position\":1,\"name\":\"Inici\",\"item\":\"https:\\\/\\\/hortec.org\\\/es\\\/\"},{\"@type\":\"ListItem\",\"position\":2,\"name\":\"Blog\"}]},{\"@type\":\"WebSite\",\"@id\":\"https:\\\/\\\/hortec.org\\\/es\\\/#website\",\"url\":\"https:\\\/\\\/hortec.org\\\/es\\\/\",\"name\":\"Hortec | Agricultura ecol\u00f2gica\",\"description\":\"Des de 1991 compromesos amb el petit comer\u00e7 i l&#039;agricultura ecol\u00f2gica de qualitat i proximitat\",\"potentialAction\":[{\"@type\":\"SearchAction\",\"target\":{\"@type\":\"EntryPoint\",\"urlTemplate\":\"https:\\\/\\\/hortec.org\\\/es\\\/?s={search_term_string}\"},\"query-input\":{\"@type\":\"PropertyValueSpecification\",\"valueRequired\":true,\"valueName\":\"search_term_string\"}}],\"inLanguage\":\"es\"}]}<\/script>\n<!-- \/ Yoast SEO plugin. -->","yoast_head_json":{"title":"Actualidad | Hortec, cooperativa de agricultura ecol\u00f3gica","description":"Actualidad sobre productos ecol\u00f3gicos de Hortec: art\u00edculos escritos por responsables y socios de la cooperativa con experiencia en agricultura sostenible y de proximidad.","robots":{"index":"index","follow":"follow","max-snippet":"max-snippet:-1","max-image-preview":"max-image-preview:large","max-video-preview":"max-video-preview:-1"},"canonical":"https:\/\/hortec.org\/es\/blog\/","og_locale":"es_ES","og_type":"article","og_title":"Actualidad | Hortec, cooperativa de agricultura ecol\u00f3gica","og_description":"Actualidad sobre productos ecol\u00f3gicos de Hortec: art\u00edculos escritos por responsables y socios de la cooperativa con experiencia en agricultura sostenible y de proximidad.","og_url":"https:\/\/hortec.org\/es\/blog\/","og_site_name":"Hortec | Agricultura ecol\u00f2gica","article_modified_time":"2025-09-05T08:55:06+00:00","twitter_card":"summary_large_image","schema":{"@context":"https:\/\/schema.org","@graph":[{"@type":"WebPage","@id":"https:\/\/hortec.org\/es\/blog\/","url":"https:\/\/hortec.org\/es\/blog\/","name":"Actualidad | Hortec, cooperativa de agricultura ecol\u00f3gica","isPartOf":{"@id":"https:\/\/hortec.org\/es\/#website"},"datePublished":"2025-09-04T10:37:47+00:00","dateModified":"2025-09-05T08:55:06+00:00","description":"Actualidad sobre productos ecol\u00f3gicos de Hortec: art\u00edculos escritos por responsables y socios de la cooperativa con experiencia en agricultura sostenible y de proximidad.","breadcrumb":{"@id":"https:\/\/hortec.org\/es\/blog\/#breadcrumb"},"inLanguage":"es","potentialAction":[{"@type":"ReadAction","target":["https:\/\/hortec.org\/es\/blog\/"]}]},{"@type":"BreadcrumbList","@id":"https:\/\/hortec.org\/es\/blog\/#breadcrumb","itemListElement":[{"@type":"ListItem","position":1,"name":"Inici","item":"https:\/\/hortec.org\/es\/"},{"@type":"ListItem","position":2,"name":"Blog"}]},{"@type":"WebSite","@id":"https:\/\/hortec.org\/es\/#website","url":"https:\/\/hortec.org\/es\/","name":"Hortec | Agricultura ecol\u00f2gica","description":"Des de 1991 compromesos amb el petit comer\u00e7 i l&#039;agricultura ecol\u00f2gica de qualitat i proximitat","potentialAction":[{"@type":"SearchAction","target":{"@type":"EntryPoint","urlTemplate":"https:\/\/hortec.org\/es\/?s={search_term_string}"},"query-input":{"@type":"PropertyValueSpecification","valueRequired":true,"valueName":"search_term_string"}}],"inLanguage":"es"}]}},"_links":{"self":[{"href":"https:\/\/hortec.org\/es\/wp-json\/wp\/v2\/pages\/473","targetHints":{"allow":["GET"]}}],"collection":[{"href":"https:\/\/hortec.org\/es\/wp-json\/wp\/v2\/pages"}],"about":[{"href":"https:\/\/hortec.org\/es\/wp-json\/wp\/v2\/types\/page"}],"author":[{"embeddable":true,"href":"https:\/\/hortec.org\/es\/wp-json\/wp\/v2\/users\/1"}],"replies":[{"embeddable":true,"href":"https:\/\/hortec.org\/es\/wp-json\/wp\/v2\/comments?post=473"}],"version-history":[{"count":4,"href":"https:\/\/hortec.org\/es\/wp-json\/wp\/v2\/pages\/473\/revisions"}],"predecessor-version":[{"id":519,"href":"https:\/\/hortec.org\/es\/wp-json\/wp\/v2\/pages\/473\/revisions\/519"}],"wp:attachment":[{"href":"https:\/\/hortec.org\/es\/wp-json\/wp\/v2\/media?parent=473"}],"curies":[{"name":"wp","href":"https:\/\/api.w.org\/{rel}","templated":true}]}}