{"id":311,"date":"2025-07-04T09:41:02","date_gmt":"2025-07-04T07:41:02","guid":{"rendered":"https:\/\/hortec.org\/establecimientos-hortec\/"},"modified":"2025-07-07T13:39:43","modified_gmt":"2025-07-07T11:39:43","slug":"establecimientos-hortec","status":"publish","type":"page","link":"https:\/\/hortec.org\/es\/establecimientos-hortec\/","title":{"rendered":"Establecimientos Hortec"},"content":{"rendered":"<section class=\"l-section wpb_row us_custom_1f5f827b height_medium\"><div class=\"l-section-h i-cf\"><div class=\"g-cols vc_row via_grid cols_1 laptops-cols_inherit tablets-cols_inherit mobiles-cols_1 valign_top type_default stacking_default\"><div class=\"wpb_column vc_column_container\"><div class=\"vc_column-inner\"><h2 class=\"w-text us_custom_af9160e0 has_text_color\"><span class=\"w-text-h\"><span class=\"w-text-value\">Encuentra los productos de HORTEC en el territorio<\/span><\/span><\/h2><\/div><\/div><\/div><\/div><\/section><section class=\"l-section wpb_row height_medium\"><div class=\"l-section-h i-cf\"><div class=\"g-cols vc_row via_grid cols_2 laptops-cols_inherit tablets-cols_inherit mobiles-cols_1 valign_top type_default stacking_default\"><div class=\"wpb_column vc_column_container\"><div class=\"vc_column-inner\"><div class=\"w-html\"><input type=\"text\" name=\"searchInput\" id=\"searchInput\" placeholder=\"Buscar por nombre, poblaci\u00f3n o c\u00f3digo postal\" \/><br><div id=\"notFoundTaller\" class=\"d-none\">No se han encontrado resultados para \u00e9sta b\u00fasqueda.<\/div><\/div><div class=\"w-separator size_medium\"><\/div><div class=\"w-grid us_grid type_grid layout_295 cols_1 preload_style_spinner\" id=\"us_grid_1\" style=\"--columns:1;--gap:1rem;\" data-filterable=\"true\"><style>.layout_295 .w-grid-item-h{}.layout_295 .usg_post_title_1{font-size:1rem!important;margin-bottom:10px!important}.layout_295 .usg_post_custom_field_2{margin-bottom:0px!important}.layout_295 .usg_post_custom_field_3{margin-bottom:0!important;margin-right:0.25rem!important}.layout_295 .usg_hwrapper_1{margin-bottom:0px!important}.layout_295 .usg_post_custom_field_4{margin-bottom:0!important}.layout_295 .usg_text_1{margin-right:0.25rem!important}.layout_295 .usg_vwrapper_1{margin-bottom:1.5rem!important;padding-bottom:1rem!important;border-bottom-width:1px!important;border-color:var(--color-content-border)!important;border-bottom-style:solid!important}.layout_295 .usg_post_custom_field_5{margin-bottom:0px!important}.layout_295 .usg_post_custom_field_6{margin-bottom:5px!important}<\/style><div class=\"w-grid-list\">\t<article class=\"w-grid-item size_1x1 post-609 establiment type-establiment status-publish hentry\" data-id=\"609\">\r\n\t\t<div class=\"w-grid-item-h\">\r\n\t\t\t\t\t\t<div class=\"w-vwrapper usg_vwrapper_1 align_left valign_top\"><h3 class=\"w-post-elm post_title usg_post_title_1 entry-title color_link_inherit\">Agrobotiga Can Tria<\/h3><p class=\"w-post-elm post_custom_field usg_post_custom_field_2 type_text adreca color_link_inherit\"><span class=\"w-post-elm-value\">Crta. BV-5031 km. 3<\/span><\/p><div class=\"w-hwrapper usg_hwrapper_1 align_none valign_top\"><p class=\"w-post-elm post_custom_field usg_post_custom_field_3 type_text codi_postal color_link_inherit\"><span class=\"w-post-elm-value\">08304<\/span><\/p><span class=\"w-text usg_text_1\"><span class=\"w-text-h\"><span class=\"w-text-value\">&#8211;<\/span><\/span><\/span><p class=\"w-post-elm post_custom_field usg_post_custom_field_4 type_text poblacio color_link_inherit\"><span class=\"w-post-elm-value\">Matar\u00f3<\/span><\/p><\/div><p class=\"w-post-elm post_custom_field usg_post_custom_field_5 hidden latitud type_text lat color_link_inherit\"><span class=\"w-post-elm-value\">41.5645<\/span><\/p><div class=\"w-post-elm post_custom_field usg_post_custom_field_6 hidden longitud type_text lng color_link_inherit\"><span class=\"w-post-elm-value\">2.4168<\/span><\/div><a class=\"w-btn us-btn-style_1 usg_btn_1 localitat-view-map icon_atleft\" href=\"#map\"><i class=\"fas fa-location\"><\/i><span class=\"w-btn-label\">Localitza al mapa<\/span><\/a><\/div>\t\t<\/div>\r\n\t\t\t<\/article>\r\n\t<article class=\"w-grid-item size_1x1 post-597 establiment type-establiment status-publish hentry\" data-id=\"597\">\r\n\t\t<div class=\"w-grid-item-h\">\r\n\t\t\t\t\t\t<div class=\"w-vwrapper usg_vwrapper_1 align_left valign_top\"><h3 class=\"w-post-elm post_title usg_post_title_1 entry-title color_link_inherit\">Agrobotiga Horta Pla de Munt<\/h3><p class=\"w-post-elm post_custom_field usg_post_custom_field_2 type_text adreca color_link_inherit\"><span class=\"w-post-elm-value\">Cam\u00ed Pla de la Ginesta<\/span><\/p><div class=\"w-hwrapper usg_hwrapper_1 align_none valign_top\"><p class=\"w-post-elm post_custom_field usg_post_custom_field_3 type_text codi_postal color_link_inherit\"><span class=\"w-post-elm-value\">08389<\/span><\/p><span class=\"w-text usg_text_1\"><span class=\"w-text-h\"><span class=\"w-text-value\">&#8211;<\/span><\/span><\/span><p class=\"w-post-elm post_custom_field usg_post_custom_field_4 type_text poblacio color_link_inherit\"><span class=\"w-post-elm-value\">Palafolls<\/span><\/p><\/div><p class=\"w-post-elm post_custom_field usg_post_custom_field_5 hidden latitud type_text lat color_link_inherit\"><span class=\"w-post-elm-value\">41.6738<\/span><\/p><div class=\"w-post-elm post_custom_field usg_post_custom_field_6 hidden longitud type_text lng color_link_inherit\"><span class=\"w-post-elm-value\">2.7485<\/span><\/div><a class=\"w-btn us-btn-style_1 usg_btn_1 localitat-view-map icon_atleft\" href=\"#map\"><i class=\"fas fa-location\"><\/i><span class=\"w-btn-label\">Localitza al mapa<\/span><\/a><\/div>\t\t<\/div>\r\n\t\t\t<\/article>\r\n\t<article class=\"w-grid-item size_1x1 post-612 establiment type-establiment status-publish hentry\" data-id=\"612\">\r\n\t\t<div class=\"w-grid-item-h\">\r\n\t\t\t\t\t\t<div class=\"w-vwrapper usg_vwrapper_1 align_left valign_top\"><h3 class=\"w-post-elm post_title usg_post_title_1 entry-title color_link_inherit\">Bio Magatzem<\/h3><p class=\"w-post-elm post_custom_field usg_post_custom_field_2 type_text adreca color_link_inherit\"><span class=\"w-post-elm-value\">Av. Jos\u00e9 Anselmo Clav\u00e9 40 A<\/span><\/p><div class=\"w-hwrapper usg_hwrapper_1 align_none valign_top\"><p class=\"w-post-elm post_custom_field usg_post_custom_field_3 type_text codi_postal color_link_inherit\"><span class=\"w-post-elm-value\">07702<\/span><\/p><span class=\"w-text usg_text_1\"><span class=\"w-text-h\"><span class=\"w-text-value\">&#8211;<\/span><\/span><\/span><p class=\"w-post-elm post_custom_field usg_post_custom_field_4 type_text poblacio color_link_inherit\"><span class=\"w-post-elm-value\">Ma\u00f3<\/span><\/p><\/div><p class=\"w-post-elm post_custom_field usg_post_custom_field_5 hidden latitud type_text lat color_link_inherit\"><span class=\"w-post-elm-value\">39.8912<\/span><\/p><div class=\"w-post-elm post_custom_field usg_post_custom_field_6 hidden longitud type_text lng color_link_inherit\"><span class=\"w-post-elm-value\">4.2621<\/span><\/div><a class=\"w-btn us-btn-style_1 usg_btn_1 localitat-view-map icon_atleft\" href=\"#map\"><i class=\"fas fa-location\"><\/i><span class=\"w-btn-label\">Localitza al mapa<\/span><\/a><\/div>\t\t<\/div>\r\n\t\t\t<\/article>\r\n\t<article class=\"w-grid-item size_1x1 post-617 establiment type-establiment status-publish hentry\" data-id=\"617\">\r\n\t\t<div class=\"w-grid-item-h\">\r\n\t\t\t\t\t\t<div class=\"w-vwrapper usg_vwrapper_1 align_left valign_top\"><h3 class=\"w-post-elm post_title usg_post_title_1 entry-title color_link_inherit\">BioBarri<\/h3><p class=\"w-post-elm post_custom_field usg_post_custom_field_2 type_text adreca color_link_inherit\"><span class=\"w-post-elm-value\">Carrer Mendez Nu\u00f1ez, 18<\/span><\/p><div class=\"w-hwrapper usg_hwrapper_1 align_none valign_top\"><p class=\"w-post-elm post_custom_field usg_post_custom_field_3 type_text codi_postal color_link_inherit\"><span class=\"w-post-elm-value\">08003<\/span><\/p><span class=\"w-text usg_text_1\"><span class=\"w-text-h\"><span class=\"w-text-value\">&#8211;<\/span><\/span><\/span><p class=\"w-post-elm post_custom_field usg_post_custom_field_4 type_text poblacio color_link_inherit\"><span class=\"w-post-elm-value\">Barcelona<\/span><\/p><\/div><p class=\"w-post-elm post_custom_field usg_post_custom_field_5 hidden latitud type_text lat color_link_inherit\"><span class=\"w-post-elm-value\">41.3895<\/span><\/p><div class=\"w-post-elm post_custom_field usg_post_custom_field_6 hidden longitud type_text lng color_link_inherit\"><span class=\"w-post-elm-value\">2.1768<\/span><\/div><a class=\"w-btn us-btn-style_1 usg_btn_1 localitat-view-map icon_atleft\" href=\"#map\"><i class=\"fas fa-location\"><\/i><span class=\"w-btn-label\">Localitza al mapa<\/span><\/a><\/div>\t\t<\/div>\r\n\t\t\t<\/article>\r\n\t<article class=\"w-grid-item size_1x1 post-626 establiment type-establiment status-publish hentry\" data-id=\"626\">\r\n\t\t<div class=\"w-grid-item-h\">\r\n\t\t\t\t\t\t<div class=\"w-vwrapper usg_vwrapper_1 align_left valign_top\"><h3 class=\"w-post-elm post_title usg_post_title_1 entry-title color_link_inherit\">Biocenter<\/h3><p class=\"w-post-elm post_custom_field usg_post_custom_field_2 type_text adreca color_link_inherit\"><span class=\"w-post-elm-value\">Carrer de l'Ateneu, 1<\/span><\/p><div class=\"w-hwrapper usg_hwrapper_1 align_none valign_top\"><p class=\"w-post-elm post_custom_field usg_post_custom_field_3 type_text codi_postal color_link_inherit\"><span class=\"w-post-elm-value\">08980<\/span><\/p><span class=\"w-text usg_text_1\"><span class=\"w-text-h\"><span class=\"w-text-value\">&#8211;<\/span><\/span><\/span><p class=\"w-post-elm post_custom_field usg_post_custom_field_4 type_text poblacio color_link_inherit\"><span class=\"w-post-elm-value\">Sant Feliu de Llob.<\/span><\/p><\/div><p class=\"w-post-elm post_custom_field usg_post_custom_field_5 hidden latitud type_text lat color_link_inherit\"><span class=\"w-post-elm-value\">41.3834<\/span><\/p><div class=\"w-post-elm post_custom_field usg_post_custom_field_6 hidden longitud type_text lng color_link_inherit\"><span class=\"w-post-elm-value\">2.0465<\/span><\/div><a class=\"w-btn us-btn-style_1 usg_btn_1 localitat-view-map icon_atleft\" href=\"#map\"><i class=\"fas fa-location\"><\/i><span class=\"w-btn-label\">Localitza al mapa<\/span><\/a><\/div>\t\t<\/div>\r\n\t\t\t<\/article>\r\n\t<article class=\"w-grid-item size_1x1 post-596 establiment type-establiment status-publish hentry\" data-id=\"596\">\r\n\t\t<div class=\"w-grid-item-h\">\r\n\t\t\t\t\t\t<div class=\"w-vwrapper usg_vwrapper_1 align_left valign_top\"><h3 class=\"w-post-elm post_title usg_post_title_1 entry-title color_link_inherit\">Biosi<\/h3><p class=\"w-post-elm post_custom_field usg_post_custom_field_2 type_text adreca color_link_inherit\"><span class=\"w-post-elm-value\">Calle Mart\u00ed Pujol 109<\/span><\/p><div class=\"w-hwrapper usg_hwrapper_1 align_none valign_top\"><p class=\"w-post-elm post_custom_field usg_post_custom_field_3 type_text codi_postal color_link_inherit\"><span class=\"w-post-elm-value\">08912<\/span><\/p><span class=\"w-text usg_text_1\"><span class=\"w-text-h\"><span class=\"w-text-value\">&#8211;<\/span><\/span><\/span><p class=\"w-post-elm post_custom_field usg_post_custom_field_4 type_text poblacio color_link_inherit\"><span class=\"w-post-elm-value\">Badalona<\/span><\/p><\/div><p class=\"w-post-elm post_custom_field usg_post_custom_field_5 hidden latitud type_text lat color_link_inherit\"><span class=\"w-post-elm-value\">41.4497<\/span><\/p><div class=\"w-post-elm post_custom_field usg_post_custom_field_6 hidden longitud type_text lng color_link_inherit\"><span class=\"w-post-elm-value\">2.2421<\/span><\/div><a class=\"w-btn us-btn-style_1 usg_btn_1 localitat-view-map icon_atleft\" href=\"#map\"><i class=\"fas fa-location\"><\/i><span class=\"w-btn-label\">Localitza al mapa<\/span><\/a><\/div>\t\t<\/div>\r\n\t\t\t<\/article>\r\n\t<article class=\"w-grid-item size_1x1 post-608 establiment type-establiment status-publish hentry\" data-id=\"608\">\r\n\t\t<div class=\"w-grid-item-h\">\r\n\t\t\t\t\t\t<div class=\"w-vwrapper usg_vwrapper_1 align_left valign_top\"><h3 class=\"w-post-elm post_title usg_post_title_1 entry-title color_link_inherit\">Cal Rosset<\/h3><p class=\"w-post-elm post_custom_field usg_post_custom_field_2 type_text adreca color_link_inherit\"><span class=\"w-post-elm-value\">C\/ N\u00e0pols 155<\/span><\/p><div class=\"w-hwrapper usg_hwrapper_1 align_none valign_top\"><p class=\"w-post-elm post_custom_field usg_post_custom_field_3 type_text codi_postal color_link_inherit\"><span class=\"w-post-elm-value\">08013<\/span><\/p><span class=\"w-text usg_text_1\"><span class=\"w-text-h\"><span class=\"w-text-value\">&#8211;<\/span><\/span><\/span><p class=\"w-post-elm post_custom_field usg_post_custom_field_4 type_text poblacio color_link_inherit\"><span class=\"w-post-elm-value\">Barcelona<\/span><\/p><\/div><p class=\"w-post-elm post_custom_field usg_post_custom_field_5 hidden latitud type_text lat color_link_inherit\"><span class=\"w-post-elm-value\">41.3976<\/span><\/p><div class=\"w-post-elm post_custom_field usg_post_custom_field_6 hidden longitud type_text lng color_link_inherit\"><span class=\"w-post-elm-value\">2.1765<\/span><\/div><a class=\"w-btn us-btn-style_1 usg_btn_1 localitat-view-map icon_atleft\" href=\"#map\"><i class=\"fas fa-location\"><\/i><span class=\"w-btn-label\">Localitza al mapa<\/span><\/a><\/div>\t\t<\/div>\r\n\t\t\t<\/article>\r\n\t<article class=\"w-grid-item size_1x1 post-602 establiment type-establiment status-publish hentry\" data-id=\"602\">\r\n\t\t<div class=\"w-grid-item-h\">\r\n\t\t\t\t\t\t<div class=\"w-vwrapper usg_vwrapper_1 align_left valign_top\"><h3 class=\"w-post-elm post_title usg_post_title_1 entry-title color_link_inherit\">Casellas Naturasi<\/h3><p class=\"w-post-elm post_custom_field usg_post_custom_field_2 type_text adreca color_link_inherit\"><span class=\"w-post-elm-value\">C\/ Jacint Verdaguer 51<\/span><\/p><div class=\"w-hwrapper usg_hwrapper_1 align_none valign_top\"><p class=\"w-post-elm post_custom_field usg_post_custom_field_3 type_text codi_postal color_link_inherit\"><span class=\"w-post-elm-value\">08950<\/span><\/p><span class=\"w-text usg_text_1\"><span class=\"w-text-h\"><span class=\"w-text-value\">&#8211;<\/span><\/span><\/span><p class=\"w-post-elm post_custom_field usg_post_custom_field_4 type_text poblacio color_link_inherit\"><span class=\"w-post-elm-value\">Esplugues de Llobregat<\/span><\/p><\/div><p class=\"w-post-elm post_custom_field usg_post_custom_field_5 hidden latitud type_text lat color_link_inherit\"><span class=\"w-post-elm-value\">41.3765<\/span><\/p><div class=\"w-post-elm post_custom_field usg_post_custom_field_6 hidden longitud type_text lng color_link_inherit\"><span class=\"w-post-elm-value\">2.0864<\/span><\/div><a class=\"w-btn us-btn-style_1 usg_btn_1 localitat-view-map icon_atleft\" href=\"#map\"><i class=\"fas fa-location\"><\/i><span class=\"w-btn-label\">Localitza al mapa<\/span><\/a><\/div>\t\t<\/div>\r\n\t\t\t<\/article>\r\n\t<article class=\"w-grid-item size_1x1 post-610 establiment type-establiment status-publish hentry\" data-id=\"610\">\r\n\t\t<div class=\"w-grid-item-h\">\r\n\t\t\t\t\t\t<div class=\"w-vwrapper usg_vwrapper_1 align_left valign_top\"><h3 class=\"w-post-elm post_title usg_post_title_1 entry-title color_link_inherit\">Conreu Sereny<\/h3><p class=\"w-post-elm post_custom_field usg_post_custom_field_2 type_text adreca color_link_inherit\"><span class=\"w-post-elm-value\">Cam\u00ed Monestir St Jeroni de la Murtra<\/span><\/p><div class=\"w-hwrapper usg_hwrapper_1 align_none valign_top\"><p class=\"w-post-elm post_custom_field usg_post_custom_field_3 type_text codi_postal color_link_inherit\"><span class=\"w-post-elm-value\">08917<\/span><\/p><span class=\"w-text usg_text_1\"><span class=\"w-text-h\"><span class=\"w-text-value\">&#8211;<\/span><\/span><\/span><p class=\"w-post-elm post_custom_field usg_post_custom_field_4 type_text poblacio color_link_inherit\"><span class=\"w-post-elm-value\">Badalona<\/span><\/p><\/div><p class=\"w-post-elm post_custom_field usg_post_custom_field_5 hidden latitud type_text lat color_link_inherit\"><span class=\"w-post-elm-value\">41.4745<\/span><\/p><div class=\"w-post-elm post_custom_field usg_post_custom_field_6 hidden longitud type_text lng color_link_inherit\"><span class=\"w-post-elm-value\">2.2215<\/span><\/div><a class=\"w-btn us-btn-style_1 usg_btn_1 localitat-view-map icon_atleft\" href=\"#map\"><i class=\"fas fa-location\"><\/i><span class=\"w-btn-label\">Localitza al mapa<\/span><\/a><\/div>\t\t<\/div>\r\n\t\t\t<\/article>\r\n\t<article class=\"w-grid-item size_1x1 post-613 establiment type-establiment status-publish hentry\" data-id=\"613\">\r\n\t\t<div class=\"w-grid-item-h\">\r\n\t\t\t\t\t\t<div class=\"w-vwrapper usg_vwrapper_1 align_left valign_top\"><h3 class=\"w-post-elm post_title usg_post_title_1 entry-title color_link_inherit\">De l&#8217;Hort a Casa &#038; L&#8217;Ortiga<\/h3><p class=\"w-post-elm post_custom_field usg_post_custom_field_2 type_text adreca color_link_inherit\"><span class=\"w-post-elm-value\">(Botiga online \/ Sant Cugat)<\/span><\/p><div class=\"w-hwrapper usg_hwrapper_1 align_none valign_top\"><p class=\"w-post-elm post_custom_field usg_post_custom_field_3 type_text codi_postal color_link_inherit\"><span class=\"w-post-elm-value\">08172<\/span><\/p><span class=\"w-text usg_text_1\"><span class=\"w-text-h\"><span class=\"w-text-value\">&#8211;<\/span><\/span><\/span><p class=\"w-post-elm post_custom_field usg_post_custom_field_4 type_text poblacio color_link_inherit\"><span class=\"w-post-elm-value\">Sant Cugat del Vall\u00e8s<\/span><\/p><\/div><p class=\"w-post-elm post_custom_field usg_post_custom_field_5 hidden latitud type_text lat color_link_inherit\"><span class=\"w-post-elm-value\">41.4721<\/span><\/p><div class=\"w-post-elm post_custom_field usg_post_custom_field_6 hidden longitud type_text lng color_link_inherit\"><span class=\"w-post-elm-value\">2.0854<\/span><\/div><a class=\"w-btn us-btn-style_1 usg_btn_1 localitat-view-map icon_atleft\" href=\"#map\"><i class=\"fas fa-location\"><\/i><span class=\"w-btn-label\">Localitza al mapa<\/span><\/a><\/div>\t\t<\/div>\r\n\t\t\t<\/article>\r\n<\/div>\t<div class=\"w-grid-preloader\">\r\n\t\t<div class=\"g-preloader type_1\">\r\n\t\t\t<div><\/div>\r\n\t\t<\/div>\r\n\t<\/div>\r\n\t\t<div class=\"w-grid-json hidden\" onclick='return {&quot;action&quot;:&quot;us_ajax_grid&quot;,&quot;infinite_scroll&quot;:0,&quot;max_num_pages&quot;:4,&quot;pagination&quot;:&quot;none&quot;,&quot;template_vars&quot;:{&quot;columns&quot;:&quot;1&quot;,&quot;exclude_items&quot;:&quot;none&quot;,&quot;img_size&quot;:&quot;default&quot;,&quot;ignore_items_size&quot;:0,&quot;items_layout&quot;:&quot;295&quot;,&quot;items_offset&quot;:&quot;1&quot;,&quot;load_animation&quot;:&quot;none&quot;,&quot;overriding_link&quot;:&quot;%7B%22type%22%3A%22custom_field%22%2C%22custom_field%22%3A%22us_attachment_link%22%2C%22target%22%3A%22_blank%22%2C%22rel%22%3A%22nofollow%22%7D&quot;,&quot;post_id&quot;:0,&quot;query_args&quot;:{&quot;post_type&quot;:[&quot;establiment&quot;],&quot;post_status&quot;:[&quot;publish&quot;,&quot;acf-disabled&quot;],&quot;posts_per_page&quot;:&quot;10&quot;},&quot;orderby_query_args&quot;:{&quot;orderby&quot;:{&quot;title&quot;:&quot;ASC&quot;},&quot;order&quot;:&quot;ASC&quot;},&quot;type&quot;:&quot;grid&quot;,&quot;us_grid_post_type&quot;:&quot;establiment&quot;,&quot;us_grid_ajax_index&quot;:1,&quot;us_grid_filter_query_string&quot;:null,&quot;us_grid_index&quot;:1,&quot;page_args&quot;:[],&quot;lang&quot;:&quot;es&quot;}}'><\/div>\r\n\t<\/div><\/div><\/div><div class=\"wpb_column vc_column_container\"><div class=\"vc_column-inner\">[vc_raw_html]PGRpdiBpZD0ibWFwIj48L2Rpdj4=[\/vc_raw_html]<\/div><\/div><\/div><\/div><\/section>\n","protected":false},"excerpt":{"rendered":"","protected":false},"author":1,"featured_media":0,"parent":0,"menu_order":0,"comment_status":"closed","ping_status":"closed","template":"","meta":{"_acf_changed":false,"footnotes":""},"class_list":["post-311","page","type-page","status-publish","hentry"],"acf":[],"yoast_head":"<!-- This site is optimized with the Yoast SEO plugin v27.4 - https:\/\/yoast.com\/product\/yoast-seo-wordpress\/ -->\n<title>Establecimientos Hortec - Hortec | Agricultura ecol\u00f2gica<\/title>\n<meta name=\"robots\" content=\"index, follow, max-snippet:-1, max-image-preview:large, max-video-preview:-1\" \/>\n<link rel=\"canonical\" href=\"https:\/\/hortec.org\/es\/establecimientos-hortec\/\" \/>\n<meta property=\"og:locale\" content=\"es_ES\" \/>\n<meta property=\"og:type\" content=\"article\" \/>\n<meta property=\"og:title\" content=\"Establecimientos Hortec - Hortec | Agricultura ecol\u00f2gica\" \/>\n<meta property=\"og:url\" content=\"https:\/\/hortec.org\/es\/establecimientos-hortec\/\" \/>\n<meta property=\"og:site_name\" content=\"Hortec | Agricultura ecol\u00f2gica\" \/>\n<meta property=\"article:modified_time\" content=\"2025-07-07T11:39:43+00:00\" \/>\n<meta name=\"twitter:card\" content=\"summary_large_image\" \/>\n<script type=\"application\/ld+json\" class=\"yoast-schema-graph\">{\"@context\":\"https:\\\/\\\/schema.org\",\"@graph\":[{\"@type\":\"WebPage\",\"@id\":\"https:\\\/\\\/hortec.org\\\/es\\\/establecimientos-hortec\\\/\",\"url\":\"https:\\\/\\\/hortec.org\\\/es\\\/establecimientos-hortec\\\/\",\"name\":\"Establecimientos Hortec - Hortec | Agricultura ecol\u00f2gica\",\"isPartOf\":{\"@id\":\"https:\\\/\\\/hortec.org\\\/es\\\/#website\"},\"datePublished\":\"2025-07-04T07:41:02+00:00\",\"dateModified\":\"2025-07-07T11:39:43+00:00\",\"breadcrumb\":{\"@id\":\"https:\\\/\\\/hortec.org\\\/es\\\/establecimientos-hortec\\\/#breadcrumb\"},\"inLanguage\":\"es\",\"potentialAction\":[{\"@type\":\"ReadAction\",\"target\":[\"https:\\\/\\\/hortec.org\\\/es\\\/establecimientos-hortec\\\/\"]}]},{\"@type\":\"BreadcrumbList\",\"@id\":\"https:\\\/\\\/hortec.org\\\/es\\\/establecimientos-hortec\\\/#breadcrumb\",\"itemListElement\":[{\"@type\":\"ListItem\",\"position\":1,\"name\":\"Inici\",\"item\":\"https:\\\/\\\/hortec.org\\\/es\\\/\"},{\"@type\":\"ListItem\",\"position\":2,\"name\":\"Establecimientos Hortec\"}]},{\"@type\":\"WebSite\",\"@id\":\"https:\\\/\\\/hortec.org\\\/es\\\/#website\",\"url\":\"https:\\\/\\\/hortec.org\\\/es\\\/\",\"name\":\"Hortec | Agricultura ecol\u00f2gica\",\"description\":\"Des de 1991 compromesos amb el petit comer\u00e7 i l&#039;agricultura ecol\u00f2gica de qualitat i proximitat\",\"potentialAction\":[{\"@type\":\"SearchAction\",\"target\":{\"@type\":\"EntryPoint\",\"urlTemplate\":\"https:\\\/\\\/hortec.org\\\/es\\\/?s={search_term_string}\"},\"query-input\":{\"@type\":\"PropertyValueSpecification\",\"valueRequired\":true,\"valueName\":\"search_term_string\"}}],\"inLanguage\":\"es\"}]}<\/script>\n<!-- \/ Yoast SEO plugin. -->","yoast_head_json":{"title":"Establecimientos Hortec - Hortec | Agricultura ecol\u00f2gica","robots":{"index":"index","follow":"follow","max-snippet":"max-snippet:-1","max-image-preview":"max-image-preview:large","max-video-preview":"max-video-preview:-1"},"canonical":"https:\/\/hortec.org\/es\/establecimientos-hortec\/","og_locale":"es_ES","og_type":"article","og_title":"Establecimientos Hortec - Hortec | Agricultura ecol\u00f2gica","og_url":"https:\/\/hortec.org\/es\/establecimientos-hortec\/","og_site_name":"Hortec | Agricultura ecol\u00f2gica","article_modified_time":"2025-07-07T11:39:43+00:00","twitter_card":"summary_large_image","schema":{"@context":"https:\/\/schema.org","@graph":[{"@type":"WebPage","@id":"https:\/\/hortec.org\/es\/establecimientos-hortec\/","url":"https:\/\/hortec.org\/es\/establecimientos-hortec\/","name":"Establecimientos Hortec - Hortec | Agricultura ecol\u00f2gica","isPartOf":{"@id":"https:\/\/hortec.org\/es\/#website"},"datePublished":"2025-07-04T07:41:02+00:00","dateModified":"2025-07-07T11:39:43+00:00","breadcrumb":{"@id":"https:\/\/hortec.org\/es\/establecimientos-hortec\/#breadcrumb"},"inLanguage":"es","potentialAction":[{"@type":"ReadAction","target":["https:\/\/hortec.org\/es\/establecimientos-hortec\/"]}]},{"@type":"BreadcrumbList","@id":"https:\/\/hortec.org\/es\/establecimientos-hortec\/#breadcrumb","itemListElement":[{"@type":"ListItem","position":1,"name":"Inici","item":"https:\/\/hortec.org\/es\/"},{"@type":"ListItem","position":2,"name":"Establecimientos Hortec"}]},{"@type":"WebSite","@id":"https:\/\/hortec.org\/es\/#website","url":"https:\/\/hortec.org\/es\/","name":"Hortec | Agricultura ecol\u00f2gica","description":"Des de 1991 compromesos amb el petit comer\u00e7 i l&#039;agricultura ecol\u00f2gica de qualitat i proximitat","potentialAction":[{"@type":"SearchAction","target":{"@type":"EntryPoint","urlTemplate":"https:\/\/hortec.org\/es\/?s={search_term_string}"},"query-input":{"@type":"PropertyValueSpecification","valueRequired":true,"valueName":"search_term_string"}}],"inLanguage":"es"}]}},"_links":{"self":[{"href":"https:\/\/hortec.org\/es\/wp-json\/wp\/v2\/pages\/311","targetHints":{"allow":["GET"]}}],"collection":[{"href":"https:\/\/hortec.org\/es\/wp-json\/wp\/v2\/pages"}],"about":[{"href":"https:\/\/hortec.org\/es\/wp-json\/wp\/v2\/types\/page"}],"author":[{"embeddable":true,"href":"https:\/\/hortec.org\/es\/wp-json\/wp\/v2\/users\/1"}],"replies":[{"embeddable":true,"href":"https:\/\/hortec.org\/es\/wp-json\/wp\/v2\/comments?post=311"}],"version-history":[{"count":2,"href":"https:\/\/hortec.org\/es\/wp-json\/wp\/v2\/pages\/311\/revisions"}],"predecessor-version":[{"id":313,"href":"https:\/\/hortec.org\/es\/wp-json\/wp\/v2\/pages\/311\/revisions\/313"}],"wp:attachment":[{"href":"https:\/\/hortec.org\/es\/wp-json\/wp\/v2\/media?parent=311"}],"curies":[{"name":"wp","href":"https:\/\/api.w.org\/{rel}","templated":true}]}}